{"id":2323,"date":"2025-05-23T07:07:56","date_gmt":"2025-05-23T07:07:56","guid":{"rendered":"https:\/\/labrotek.com\/customer-satisfaction-survey"},"modified":"2025-08-06T10:48:28","modified_gmt":"2025-08-06T10:48:28","slug":"asiakastyytyvaisyyskysely","status":"publish","type":"page","link":"https:\/\/labrotek.com\/fi\/asiakastyytyvaisyyskysely","title":{"rendered":"Asiakastyytyv\u00e4isyyskysely"},"content":{"rendered":"\t\t<div data-elementor-type=\"wp-page\" data-elementor-id=\"2323\" class=\"elementor elementor-2323 elementor-1977\" data-elementor-post-type=\"page\">\n\t\t\t\t<div class=\"elementor-element elementor-element-442008f e-flex e-con-boxed e-con e-parent\" data-id=\"442008f\" data-element_type=\"container\" data-settings=\"{&quot;background_background&quot;:&quot;classic&quot;,&quot;shape_divider_bottom&quot;:&quot;triangle-asymmetrical&quot;,&quot;animation&quot;:&quot;none&quot;,&quot;shape_divider_bottom_negative&quot;:&quot;yes&quot;}\">\n\t\t\t\t\t<div class=\"e-con-inner\">\n\t\t\t\t<div class=\"elementor-shape elementor-shape-bottom\" aria-hidden=\"true\" data-negative=\"true\">\n\t\t\t<svg xmlns=\"http:\/\/www.w3.org\/2000\/svg\" viewBox=\"0 0 1000 100\" preserveAspectRatio=\"none\">\n\t<path class=\"elementor-shape-fill\" d=\"M737.9,94.7L0,0v100h1000V0L737.9,94.7z\"\/>\n<\/svg>\t\t<\/div>\n\t\t\t\t\t<\/div>\n\t\t\t\t<\/div>\n\t\t<div class=\"elementor-element elementor-element-c0170e4 e-flex e-con-boxed e-con e-parent\" data-id=\"c0170e4\" data-element_type=\"container\">\n\t\t\t\t\t<div class=\"e-con-inner\">\n\t\t<div class=\"elementor-element elementor-element-cb12e1a e-con-full e-flex e-con e-child\" data-id=\"cb12e1a\" data-element_type=\"container\">\n\t\t\t\t<div class=\"elementor-element elementor-element-334e7a7 elementor-widget elementor-widget-text-editor\" data-id=\"334e7a7\" data-element_type=\"widget\" data-widget_type=\"text-editor.default\">\n\t\t\t\t<div class=\"elementor-widget-container\">\n\t\t\t\t\t\t\t\t\t<h2>Auta meit\u00e4 parantamaan toimintaamme t\u00e4ytt\u00e4m\u00e4ll\u00e4 ja l\u00e4hett\u00e4m\u00e4ll\u00e4 lomake siit\u00e4, miten koet ostoprosessin kanssamme.<\/h2>\t\t\t\t\t\t\t\t<\/div>\n\t\t\t\t<\/div>\n\t\t\t\t<div class=\"elementor-element elementor-element-7fe65f0 elementor-widget elementor-widget-text-editor\" data-id=\"7fe65f0\" data-element_type=\"widget\" data-widget_type=\"text-editor.default\">\n\t\t\t\t<div class=\"elementor-widget-container\">\n\t\t\t\t\t\t\t\t\t<p>L\u00e4hett\u00e4m\u00e4ll\u00e4 lomakkeen hyv\u00e4ksyt yhteystietojesi k\u00e4sittelyk\u00e4yt\u00e4nt\u00f6mme.\u00a0<a href=\"https:\/\/labrotek.com\/terms-and-policies\/\">Lue lis\u00e4\u00e4 t\u00e4\u00e4lt\u00e4.<\/a><\/p>\t\t\t\t\t\t\t\t<\/div>\n\t\t\t\t<\/div>\n\t\t\t\t<\/div>\n\t\t<div class=\"elementor-element elementor-element-ccf82d0 e-con-full e-flex e-con e-child\" data-id=\"ccf82d0\" data-element_type=\"container\">\n\t\t<div class=\"elementor-element elementor-element-a0d3542 e-flex e-con-boxed e-con e-child\" data-id=\"a0d3542\" data-element_type=\"container\">\n\t\t\t\t\t<div class=\"e-con-inner\">\n\t\t\t\t<div class=\"elementor-element elementor-element-2656729 elementor-button-align-start elementor-widget elementor-widget-form\" data-id=\"2656729\" data-element_type=\"widget\" data-settings=\"{&quot;step_next_label&quot;:&quot;Next&quot;,&quot;step_previous_label&quot;:&quot;Previous&quot;,&quot;button_width&quot;:&quot;100&quot;,&quot;step_type&quot;:&quot;number_text&quot;,&quot;step_icon_shape&quot;:&quot;circle&quot;}\" data-widget_type=\"form.default\">\n\t\t\t\t<div class=\"elementor-widget-container\">\n\t\t\t\t\t\t\t<form class=\"elementor-form\" method=\"post\" name=\"customer satisfaction survey\" aria-label=\"customer satisfaction survey\">\n\t\t\t<input type=\"hidden\" name=\"post_id\" value=\"2323\"\/>\n\t\t\t<input type=\"hidden\" name=\"form_id\" value=\"2656729\"\/>\n\t\t\t<input type=\"hidden\" name=\"referer_title\" value=\"\" \/>\n\n\t\t\t\n\t\t\t<div class=\"elementor-form-fields-wrapper elementor-labels-above\">\n\t\t\t\t\t\t\t\t<div class=\"elementor-field-type-radio elementor-field-group elementor-column elementor-field-group-field_95b8038 elementor-col-100 elementor-field-required\">\n\t\t\t\t\t\t\t\t\t\t\t\t<label for=\"form-field-field_95b8038\" class=\"elementor-field-label\">\n\t\t\t\t\t\t\t\tKuinka tyytyv\u00e4inen olet siihen, miten LabroTek on k\u00e4sitellyt pyynt\u00f6\u00e4si, tilaustasi tai tukeasi? (Tyytym\u00e4tt\u00f6m\u00e4st\u00e4 eritt\u00e4in tyytyv\u00e4iseen)\t\t\t\t\t\t\t<\/label>\n\t\t\t\t\t\t<div class=\"elementor-field-subgroup  elementor-subgroup-inline\"><span class=\"elementor-field-option\"><input type=\"radio\" value=\"1 \" id=\"form-field-field_95b8038-0\" name=\"form_fields[field_95b8038]\" required=\"required\"> <label for=\"form-field-field_95b8038-0\">1 <\/label><\/span><span class=\"elementor-field-option\"><input type=\"radio\" value=\"2 \" id=\"form-field-field_95b8038-1\" name=\"form_fields[field_95b8038]\" required=\"required\"> <label for=\"form-field-field_95b8038-1\">2 <\/label><\/span><span class=\"elementor-field-option\"><input type=\"radio\" value=\"3 \" id=\"form-field-field_95b8038-2\" name=\"form_fields[field_95b8038]\" required=\"required\"> <label for=\"form-field-field_95b8038-2\">3 <\/label><\/span><span class=\"elementor-field-option\"><input type=\"radio\" value=\"4 \" id=\"form-field-field_95b8038-3\" name=\"form_fields[field_95b8038]\" required=\"required\"> <label for=\"form-field-field_95b8038-3\">4 <\/label><\/span><span class=\"elementor-field-option\"><input type=\"radio\" value=\"5 \" id=\"form-field-field_95b8038-4\" name=\"form_fields[field_95b8038]\" required=\"required\"> <label for=\"form-field-field_95b8038-4\">5 <\/label><\/span><span class=\"elementor-field-option\"><input type=\"radio\" value=\"6 \" id=\"form-field-field_95b8038-5\" name=\"form_fields[field_95b8038]\" required=\"required\"> <label for=\"form-field-field_95b8038-5\">6 <\/label><\/span><span class=\"elementor-field-option\"><input type=\"radio\" value=\"7 \" id=\"form-field-field_95b8038-6\" name=\"form_fields[field_95b8038]\" required=\"required\"> <label for=\"form-field-field_95b8038-6\">7 <\/label><\/span><span class=\"elementor-field-option\"><input type=\"radio\" value=\"8 \" id=\"form-field-field_95b8038-7\" name=\"form_fields[field_95b8038]\" required=\"required\"> <label for=\"form-field-field_95b8038-7\">8 <\/label><\/span><span class=\"elementor-field-option\"><input type=\"radio\" value=\"9 \" id=\"form-field-field_95b8038-8\" name=\"form_fields[field_95b8038]\" required=\"required\"> <label for=\"form-field-field_95b8038-8\">9 <\/label><\/span><span class=\"elementor-field-option\"><input type=\"radio\" value=\"10 \" id=\"form-field-field_95b8038-9\" name=\"form_fields[field_95b8038]\" required=\"required\"> <label for=\"form-field-field_95b8038-9\">10 <\/label><\/span><\/div>\t\t\t\t<\/div>\n\t\t\t\t\t\t\t\t<div class=\"elementor-field-type-textarea elementor-field-group elementor-column elementor-field-group-field_1e940c3 elementor-col-100\">\n\t\t\t\t\t\t\t\t\t\t\t\t<label for=\"form-field-field_1e940c3\" class=\"elementor-field-label\">\n\t\t\t\t\t\t\t\tKommentit \/ N\u00e4kemykset\t\t\t\t\t\t\t<\/label>\n\t\t\t\t\t\t<textarea class=\"elementor-field-textual elementor-field  elementor-size-sm\" name=\"form_fields[field_1e940c3]\" id=\"form-field-field_1e940c3\" rows=\"4\"><\/textarea>\t\t\t\t<\/div>\n\t\t\t\t\t\t\t\t<div class=\"elementor-field-type-text elementor-field-group elementor-column elementor-field-group-name elementor-col-50\">\n\t\t\t\t\t\t\t\t\t\t\t\t<label for=\"form-field-name\" class=\"elementor-field-label\">\n\t\t\t\t\t\t\t\tNimi\t\t\t\t\t\t\t<\/label>\n\t\t\t\t\t\t\t\t\t\t\t\t\t\t<input size=\"1\" type=\"text\" name=\"form_fields[name]\" id=\"form-field-name\" class=\"elementor-field elementor-size-sm  elementor-field-textual\" placeholder=\"    Nimi\">\n\t\t\t\t\t\t\t\t\t\t\t<\/div>\n\t\t\t\t\t\t\t\t<div class=\"elementor-field-type-email elementor-field-group elementor-column elementor-field-group-email elementor-col-50 elementor-field-required\">\n\t\t\t\t\t\t\t\t\t\t\t\t<label for=\"form-field-email\" class=\"elementor-field-label\">\n\t\t\t\t\t\t\t\tS\u00e4hk\u00f6posti\t\t\t\t\t\t\t<\/label>\n\t\t\t\t\t\t\t\t\t\t\t\t\t\t<input size=\"1\" type=\"email\" name=\"form_fields[email]\" id=\"form-field-email\" class=\"elementor-field elementor-size-sm  elementor-field-textual\" placeholder=\"    S\u00e4hk\u00f6posti\" required=\"required\">\n\t\t\t\t\t\t\t\t\t\t\t<\/div>\n\t\t\t\t\t\t\t\t<div class=\"elementor-field-type-tel elementor-field-group elementor-column elementor-field-group-field_6c180a9 elementor-col-50\">\n\t\t\t\t\t\t\t\t\t\t\t\t<label for=\"form-field-field_6c180a9\" class=\"elementor-field-label\">\n\t\t\t\t\t\t\t\tPuhelinnumero\t\t\t\t\t\t\t<\/label>\n\t\t\t\t\t\t\t\t<input size=\"1\" type=\"tel\" name=\"form_fields[field_6c180a9]\" id=\"form-field-field_6c180a9\" class=\"elementor-field elementor-size-sm  elementor-field-textual\" placeholder=\"    Puhelinnumero\" pattern=\"[0-9()#&amp;+*-=.]+\" title=\"Only numbers and phone characters (#, -, *, etc) are accepted.\">\n\n\t\t\t\t\t\t<\/div>\n\t\t\t\t\t\t\t\t<div class=\"elementor-field-type-text elementor-field-group elementor-column elementor-field-group-field_b743cd7 elementor-col-50 elementor-field-required\">\n\t\t\t\t\t\t\t\t\t\t\t\t<label for=\"form-field-field_b743cd7\" class=\"elementor-field-label\">\n\t\t\t\t\t\t\t\tYritys\t\t\t\t\t\t\t<\/label>\n\t\t\t\t\t\t\t\t\t\t\t\t\t\t<input size=\"1\" type=\"text\" name=\"form_fields[field_b743cd7]\" id=\"form-field-field_b743cd7\" class=\"elementor-field elementor-size-sm  elementor-field-textual\" placeholder=\"    Yritys\" required=\"required\">\n\t\t\t\t\t\t\t\t\t\t\t<\/div>\n\t\t\t\t\t\t\t\t<div class=\"elementor-field-type-checkbox elementor-field-group elementor-column elementor-field-group-field_12e465a elementor-col-100\">\n\t\t\t\t\t<div class=\"elementor-field-subgroup  \"><span class=\"elementor-field-option\"><input type=\"checkbox\" value=\"&lt;span style=&quot;font-size: 16px;&quot;&gt;Ota minuun yhteytt\u00e4.&lt;\/span&gt;\" id=\"form-field-field_12e465a-0\" name=\"form_fields[field_12e465a]\"> <label for=\"form-field-field_12e465a-0\"><span style=\"font-size: 16px;\">Ota minuun yhteytt\u00e4.<\/span><\/label><\/span><\/div>\t\t\t\t<\/div>\n\t\t\t\t\t\t\t\t<div class=\"elementor-field-type-acceptance elementor-field-group elementor-column elementor-field-group-field_9014ec6 elementor-col-100 elementor-field-required\">\n\t\t\t\t\t\t\t<div class=\"elementor-field-subgroup\">\n\t\t\t<span class=\"elementor-field-option\">\n\t\t\t\t<input type=\"checkbox\" name=\"form_fields[field_9014ec6]\" id=\"form-field-field_9014ec6\" class=\"elementor-field elementor-size-sm  elementor-acceptance-field\" required=\"required\">\n\t\t\t\t<label for=\"form-field-field_9014ec6\"><span style=\"font-size: 16px;\">Annan suostumukseni siihen, ett\u00e4 toimittamiani tietoja ker\u00e4t\u00e4\u00e4n ja s\u00e4ilytet\u00e4\u00e4n seuraavien ohjeiden mukaisesti. <u><a href=\"\/terms-and-policies\" target=\"_blank\">Tietosuojak\u00e4yt\u00e4nt\u00f6.<\/a><\/u><\/span><\/label>\t\t\t<\/span>\n\t\t<\/div>\n\t\t\t\t\t\t<\/div>\n\t\t\t\t\t\t\t\t<div class=\"elementor-field-type-text\">\n\t\t\t\t\t<input size=\"1\" type=\"text\" name=\"form_fields[field_f68a857]\" id=\"form-field-field_f68a857\" class=\"elementor-field elementor-size-sm \" style=\"display:none !important;\">\t\t\t\t<\/div>\n\t\t\t\t\t\t\t\t<div class=\"elementor-field-group elementor-column elementor-field-type-submit elementor-col-100 e-form__buttons\">\n\t\t\t\t\t<button class=\"elementor-button elementor-size-sm\" type=\"submit\">\n\t\t\t\t\t\t<span class=\"elementor-button-content-wrapper\">\n\t\t\t\t\t\t\t\t\t\t\t\t\t\t\t\t\t\t\t\t\t\t<span class=\"elementor-button-text\">L\u00e4het\u00e4<\/span>\n\t\t\t\t\t\t\t\t\t\t\t\t\t<\/span>\n\t\t\t\t\t<\/button>\n\t\t\t\t<\/div>\n\t\t\t<\/div>\n\t\t<\/form>\n\t\t\t\t\t\t<\/div>\n\t\t\t\t<\/div>\n\t\t\t\t\t<\/div>\n\t\t\t\t<\/div>\n\t\t\t\t<\/div>\n\t\t\t\t\t<\/div>\n\t\t\t\t<\/div>\n\t\t\t\t<\/div>\n\t\t","protected":false},"excerpt":{"rendered":"<p>Help us get better by filling out and submitting the form on how you experience the purchase process with us.<\/p>\n","protected":false},"author":1,"featured_media":2144,"parent":0,"menu_order":0,"comment_status":"closed","ping_status":"closed","template":"elementor_header_footer","meta":{"_acf_changed":false,"footnotes":""},"class_list":["post-2323","page","type-page","status-publish","has-post-thumbnail","hentry"],"acf":[],"_links":{"self":[{"href":"https:\/\/labrotek.com\/fi\/wp-json\/wp\/v2\/pages\/2323","targetHints":{"allow":["GET"]}}],"collection":[{"href":"https:\/\/labrotek.com\/fi\/wp-json\/wp\/v2\/pages"}],"about":[{"href":"https:\/\/labrotek.com\/fi\/wp-json\/wp\/v2\/types\/page"}],"author":[{"embeddable":true,"href":"https:\/\/labrotek.com\/fi\/wp-json\/wp\/v2\/users\/1"}],"replies":[{"embeddable":true,"href":"https:\/\/labrotek.com\/fi\/wp-json\/wp\/v2\/comments?post=2323"}],"version-history":[{"count":12,"href":"https:\/\/labrotek.com\/fi\/wp-json\/wp\/v2\/pages\/2323\/revisions"}],"predecessor-version":[{"id":2967,"href":"https:\/\/labrotek.com\/fi\/wp-json\/wp\/v2\/pages\/2323\/revisions\/2967"}],"wp:featuredmedia":[{"embeddable":true,"href":"https:\/\/labrotek.com\/fi\/wp-json\/wp\/v2\/media\/2144"}],"wp:attachment":[{"href":"https:\/\/labrotek.com\/fi\/wp-json\/wp\/v2\/media?parent=2323"}],"curies":[{"name":"wp","href":"https:\/\/api.w.org\/{rel}","templated":true}]}}